{"id":3390,"date":"2024-10-22T14:45:31","date_gmt":"2024-10-22T12:45:31","guid":{"rendered":"https:\/\/glowtravel.online\/?page_id=3390"},"modified":"2024-10-22T14:48:47","modified_gmt":"2024-10-22T12:48:47","slug":"3390-2","status":"publish","type":"page","link":"https:\/\/glowtravel.online\/es\/3390-2\/","title":{"rendered":"Exclusi\u00f3n de responsabilidad"},"content":{"rendered":"<p><\/p>\n\n\n\n<p>Nos esforzamos por mantener este sitio web tan actualizado como sea posible. No obstante, debido a la falta de disponibilidad mundial de los servicios de alquiler de veh\u00edculos, no podemos gestionar la informaci\u00f3n aqu\u00ed contenida. La informaci\u00f3n procede de fuentes que se consideran fiables. No obstante, no se garantiza su exactitud ni su exhaustividad, ni tampoco las opiniones en las que se basan.<\/p>\n\n\n\n<p>Glowtravel.online no est\u00e1 vinculado a ning\u00fan otro sitio web que est\u00e9 relacionado con Glowtravel.online, y no asumimos ning\u00fan coste o responsabilidad por ello.<\/p>\n\n\n\n<p>Glowtravel.online ofrece diferentes opciones para comparar precios de hoteles y otros productos. Ponemos a su disposici\u00f3n informaci\u00f3n sobre productos y proveedores, as\u00ed como enlaces a proveedores. Los vendedores y otros proveedores pagan a Glowtravel.online por la publicaci\u00f3n de productos en el sitio web. Los productos adquiridos a trav\u00e9s de Glowtravel.online ser\u00e1n distribuidos por los distribuidores. Glowtravel.online no distribuye, distribuye o comercializa ninguno de los productos o servicios incluidos en el sitio web y no act\u00faa como proveedor de dichos productos o servicios. Glowtravel.online no se responsabiliza de ning\u00fan aspecto de estos productos y\/o servicios. Cualquier duda, consulta, sugerencia o pregunta sobre estos productos y\/o servicios deber\u00e1 dirigirse al proveedor o vendedor correspondiente.<\/p>\n\n\n\n<p><\/p>","protected":false},"excerpt":{"rendered":"<p>Wir bem\u00fchen uns, diese Website so aktuell wie m\u00f6glich zu halten. Angesichts der Unbest\u00e4ndigkeit des weltweiten Reiseverkehrs k\u00f6nnen wir jedoch keine Verantwortung f\u00fcr die hierin enthaltenen Informationen \u00fcbernehmen. Die Informationen stammen aus Quellen, die als zuverl\u00e4ssig gelten. Ihre Richtigkeit und Vollst\u00e4ndigkeit sowie die darauf basierenden Meinungen k\u00f6nnen jedoch nicht garantiert werden. Glowtravel.online ist nicht f\u00fcr&#8230;<\/p>","protected":false},"author":1,"featured_media":0,"parent":0,"menu_order":0,"comment_status":"closed","ping_status":"closed","template":"","meta":{"footnotes":""},"class_list":["post-3390","page","type-page","status-publish","hentry","main-post"],"yoast_head":"<!-- This site is optimized with the Yoast SEO plugin v23.4 - https:\/\/yoast.com\/wordpress\/plugins\/seo\/ -->\n<title>Haftungsausschluss | %tagline<\/title>\n<meta name=\"description\" content=\"Wir bem\u00fchen uns, diese Website so aktuell wie m\u00f6glich zu halten. Angesichts der Unbest\u00e4ndigkeit des weltweiten Reiseverkehrs k\u00f6nnen wir jedoch keine\" \/>\n<meta name=\"robots\" content=\"index, follow, max-snippet:-1, max-image-preview:large, max-video-preview:-1\" \/>\n<link rel=\"canonical\" href=\"https:\/\/glowtravel.online\/es\/3390-2\/\" \/>\n<meta property=\"og:locale\" content=\"es_ES\" \/>\n<meta property=\"og:type\" content=\"article\" \/>\n<meta property=\"og:title\" content=\"Haftungsausschluss | %tagline\" \/>\n<meta property=\"og:description\" content=\"Wir bem\u00fchen uns, diese Website so aktuell wie m\u00f6glich zu halten. Angesichts der Unbest\u00e4ndigkeit des weltweiten Reiseverkehrs k\u00f6nnen wir jedoch keine\" \/>\n<meta property=\"og:url\" content=\"https:\/\/glowtravel.online\/es\/3390-2\/\" \/>\n<meta property=\"og:site_name\" content=\"Glow Travel\" \/>\n<meta property=\"article:publisher\" content=\"https:\/\/www.instagram.com\/glowtravel.online\/\" \/>\n<meta property=\"article:modified_time\" content=\"2024-10-22T12:48:47+00:00\" \/>\n<meta property=\"og:image\" content=\"https:\/\/glowtravel.online\/wp-content\/uploads\/2024\/10\/Schwarz-Weiss-Laut-Animiert-Familienreise-Urlaub-Youtube-Intro-2.jpeg\" \/>\n\t<meta property=\"og:image:width\" content=\"1920\" \/>\n\t<meta property=\"og:image:height\" content=\"1080\" \/>\n\t<meta property=\"og:image:type\" content=\"image\/jpeg\" \/>\n<meta name=\"twitter:card\" content=\"summary_large_image\" \/>\n<meta name=\"twitter:label1\" content=\"Tiempo de lectura\" \/>\n\t<meta name=\"twitter:data1\" content=\"1 minuto\" \/>\n<script type=\"application\/ld+json\" class=\"yoast-schema-graph\">{\"@context\":\"https:\/\/schema.org\",\"@graph\":[{\"@type\":\"WebPage\",\"@id\":\"https:\/\/glowtravel.online\/3390-2\/\",\"url\":\"https:\/\/glowtravel.online\/3390-2\/\",\"name\":\"Haftungsausschluss | %tagline\",\"isPartOf\":{\"@id\":\"https:\/\/glowtravel.online\/#website\"},\"datePublished\":\"2024-10-22T12:45:31+00:00\",\"dateModified\":\"2024-10-22T12:48:47+00:00\",\"description\":\"Wir bem\u00fchen uns, diese Website so aktuell wie m\u00f6glich zu halten. Angesichts der Unbest\u00e4ndigkeit des weltweiten Reiseverkehrs k\u00f6nnen wir jedoch keine\",\"breadcrumb\":{\"@id\":\"https:\/\/glowtravel.online\/3390-2\/#breadcrumb\"},\"inLanguage\":\"es\",\"potentialAction\":[{\"@type\":\"ReadAction\",\"target\":[\"https:\/\/glowtravel.online\/3390-2\/\"]}]},{\"@type\":\"BreadcrumbList\",\"@id\":\"https:\/\/glowtravel.online\/3390-2\/#breadcrumb\",\"itemListElement\":[{\"@type\":\"ListItem\",\"position\":1,\"name\":\"Startseite\",\"item\":\"https:\/\/glowtravel.online\/\"},{\"@type\":\"ListItem\",\"position\":2,\"name\":\"Haftungsausschluss\"}]},{\"@type\":\"WebSite\",\"@id\":\"https:\/\/glowtravel.online\/#website\",\"url\":\"https:\/\/glowtravel.online\/\",\"name\":\"glowtravel.online\",\"description\":\"Your Travel Buddy\",\"publisher\":{\"@id\":\"https:\/\/glowtravel.online\/#organization\"},\"potentialAction\":[{\"@type\":\"SearchAction\",\"target\":{\"@type\":\"EntryPoint\",\"urlTemplate\":\"https:\/\/glowtravel.online\/?s={search_term_string}\"},\"query-input\":{\"@type\":\"PropertyValueSpecification\",\"valueRequired\":true,\"valueName\":\"search_term_string\"}}],\"inLanguage\":\"es\"},{\"@type\":\"Organization\",\"@id\":\"https:\/\/glowtravel.online\/#organization\",\"name\":\"Glow Travel\",\"url\":\"https:\/\/glowtravel.online\/\",\"logo\":{\"@type\":\"ImageObject\",\"inLanguage\":\"es\",\"@id\":\"https:\/\/glowtravel.online\/#\/schema\/logo\/image\/\",\"url\":\"https:\/\/glowtravel.online\/wp-content\/uploads\/2024\/10\/Schwarz-Weiss-Laut-Animiert-Familienreise-Urlaub-Youtube-Intro-2.jpeg\",\"contentUrl\":\"https:\/\/glowtravel.online\/wp-content\/uploads\/2024\/10\/Schwarz-Weiss-Laut-Animiert-Familienreise-Urlaub-Youtube-Intro-2.jpeg\",\"width\":1920,\"height\":1080,\"caption\":\"Glow Travel\"},\"image\":{\"@id\":\"https:\/\/glowtravel.online\/#\/schema\/logo\/image\/\"},\"sameAs\":[\"https:\/\/www.instagram.com\/glowtravel.online\/\",\"https:\/\/www.youtube.com\/@GlowTravel\"]}]}<\/script>\n<!-- \/ Yoast SEO plugin. -->","yoast_head_json":{"title":"Haftungsausschluss | %tagline","description":"Wir bem\u00fchen uns, diese Website so aktuell wie m\u00f6glich zu halten. Angesichts der Unbest\u00e4ndigkeit des weltweiten Reiseverkehrs k\u00f6nnen wir jedoch keine","robots":{"index":"index","follow":"follow","max-snippet":"max-snippet:-1","max-image-preview":"max-image-preview:large","max-video-preview":"max-video-preview:-1"},"canonical":"https:\/\/glowtravel.online\/es\/3390-2\/","og_locale":"es_ES","og_type":"article","og_title":"Haftungsausschluss | %tagline","og_description":"Wir bem\u00fchen uns, diese Website so aktuell wie m\u00f6glich zu halten. Angesichts der Unbest\u00e4ndigkeit des weltweiten Reiseverkehrs k\u00f6nnen wir jedoch keine","og_url":"https:\/\/glowtravel.online\/es\/3390-2\/","og_site_name":"Glow Travel","article_publisher":"https:\/\/www.instagram.com\/glowtravel.online\/","article_modified_time":"2024-10-22T12:48:47+00:00","og_image":[{"width":1920,"height":1080,"url":"https:\/\/glowtravel.online\/wp-content\/uploads\/2024\/10\/Schwarz-Weiss-Laut-Animiert-Familienreise-Urlaub-Youtube-Intro-2.jpeg","type":"image\/jpeg"}],"twitter_card":"summary_large_image","twitter_misc":{"Tiempo de lectura":"1 minuto"},"schema":{"@context":"https:\/\/schema.org","@graph":[{"@type":"WebPage","@id":"https:\/\/glowtravel.online\/3390-2\/","url":"https:\/\/glowtravel.online\/3390-2\/","name":"Haftungsausschluss | %tagline","isPartOf":{"@id":"https:\/\/glowtravel.online\/#website"},"datePublished":"2024-10-22T12:45:31+00:00","dateModified":"2024-10-22T12:48:47+00:00","description":"Wir bem\u00fchen uns, diese Website so aktuell wie m\u00f6glich zu halten. Angesichts der Unbest\u00e4ndigkeit des weltweiten Reiseverkehrs k\u00f6nnen wir jedoch keine","breadcrumb":{"@id":"https:\/\/glowtravel.online\/3390-2\/#breadcrumb"},"inLanguage":"es","potentialAction":[{"@type":"ReadAction","target":["https:\/\/glowtravel.online\/3390-2\/"]}]},{"@type":"BreadcrumbList","@id":"https:\/\/glowtravel.online\/3390-2\/#breadcrumb","itemListElement":[{"@type":"ListItem","position":1,"name":"Startseite","item":"https:\/\/glowtravel.online\/"},{"@type":"ListItem","position":2,"name":"Haftungsausschluss"}]},{"@type":"WebSite","@id":"https:\/\/glowtravel.online\/#website","url":"https:\/\/glowtravel.online\/","name":"glowtravel.online","description":"Su compa\u00f1ero de viaje","publisher":{"@id":"https:\/\/glowtravel.online\/#organization"},"potentialAction":[{"@type":"SearchAction","target":{"@type":"EntryPoint","urlTemplate":"https:\/\/glowtravel.online\/?s={search_term_string}"},"query-input":{"@type":"PropertyValueSpecification","valueRequired":true,"valueName":"search_term_string"}}],"inLanguage":"es"},{"@type":"Organization","@id":"https:\/\/glowtravel.online\/#organization","name":"Viajes Glow","url":"https:\/\/glowtravel.online\/","logo":{"@type":"ImageObject","inLanguage":"es","@id":"https:\/\/glowtravel.online\/#\/schema\/logo\/image\/","url":"https:\/\/glowtravel.online\/wp-content\/uploads\/2024\/10\/Schwarz-Weiss-Laut-Animiert-Familienreise-Urlaub-Youtube-Intro-2.jpeg","contentUrl":"https:\/\/glowtravel.online\/wp-content\/uploads\/2024\/10\/Schwarz-Weiss-Laut-Animiert-Familienreise-Urlaub-Youtube-Intro-2.jpeg","width":1920,"height":1080,"caption":"Glow Travel"},"image":{"@id":"https:\/\/glowtravel.online\/#\/schema\/logo\/image\/"},"sameAs":["https:\/\/www.instagram.com\/glowtravel.online\/","https:\/\/www.youtube.com\/@GlowTravel"]}]}},"_links":{"self":[{"href":"https:\/\/glowtravel.online\/es\/wp-json\/wp\/v2\/pages\/3390"}],"collection":[{"href":"https:\/\/glowtravel.online\/es\/wp-json\/wp\/v2\/pages"}],"about":[{"href":"https:\/\/glowtravel.online\/es\/wp-json\/wp\/v2\/types\/page"}],"author":[{"embeddable":true,"href":"https:\/\/glowtravel.online\/es\/wp-json\/wp\/v2\/users\/1"}],"replies":[{"embeddable":true,"href":"https:\/\/glowtravel.online\/es\/wp-json\/wp\/v2\/comments?post=3390"}],"version-history":[{"count":5,"href":"https:\/\/glowtravel.online\/es\/wp-json\/wp\/v2\/pages\/3390\/revisions"}],"predecessor-version":[{"id":3397,"href":"https:\/\/glowtravel.online\/es\/wp-json\/wp\/v2\/pages\/3390\/revisions\/3397"}],"wp:attachment":[{"href":"https:\/\/glowtravel.online\/es\/wp-json\/wp\/v2\/media?parent=3390"}],"curies":[{"name":"wp","href":"https:\/\/api.w.org\/{rel}","templated":true}]}}