{"id":3390,"date":"2024-10-22T14:45:31","date_gmt":"2024-10-22T12:45:31","guid":{"rendered":"https:\/\/glowtravel.online\/?page_id=3390"},"modified":"2024-10-22T14:48:47","modified_gmt":"2024-10-22T12:48:47","slug":"3390-2","status":"publish","type":"page","link":"https:\/\/glowtravel.online\/hi\/3390-2\/","title":{"rendered":"\u0939\u092b\u093c\u094d\u091f\u0941\u0902\u0917\u094d\u0938\u094c\u0938\u091a\u094d\u0932\u0938"},"content":{"rendered":"<p><\/p>\n\n\n\n<p>\u090f\u0915 \u0938\u093e\u0932 \u092a\u0939\u0932\u0947, \u092f\u0939 \u0935\u0947\u092c\u0938\u093e\u0907\u091f \u0905\u092d\u0940 \u092d\u0940 \u0938\u0915\u094d\u0930\u093f\u092f \u0939\u0948\u0964 \u0938\u092c\u0938\u0947 \u0905\u091a\u094d\u091b\u0940 \u0916\u092c\u0930 \u092f\u0939 \u0939\u0948 \u0915\u093f \u0906\u092a\u0915\u0947 \u0926\u094d\u0935\u093e\u0930\u093e \u092a\u094d\u0930\u0926\u093e\u0928 \u0915\u0940 \u091c\u093e\u0928\u0947 \u0935\u093e\u0932\u0940 \u091c\u093e\u0928\u0915\u093e\u0930\u0940 \u0915\u0947 \u092c\u093e\u0930\u0947 \u092e\u0947\u0902 \u0905\u0927\u093f\u0915 \u091c\u093e\u0928\u0915\u093e\u0930\u0940 \u092a\u094d\u0930\u093e\u092a\u094d\u0924 \u0915\u0930\u0947\u0902\u0964 \u092e\u0947\u0930\u0947 \u092a\u093e\u0938 \u0915\u094d\u0935\u0947\u0932\u0947\u0928 \u0915\u0947 \u092c\u093e\u0930\u0947 \u092e\u0947\u0902 \u091c\u093e\u0928\u0915\u093e\u0930\u0940 \u0939\u0948, \u0914\u0930 \u092f\u0939 \u090f\u0915 \u0915\u0920\u093f\u0928 \u0915\u093e\u092e \u0939\u0948\u0964 \u092e\u0947\u0930\u0947 \u0930\u093f\u091a\u091f\u093f\u0917\u0915\u093f\u091f \u0914\u0930 \u0935\u094b\u0932\u0938\u094d\u091f\u0948\u0902\u0921\u093f\u0917\u0915\u093f\u091f \u0938\u094b\u0935\u093f\u090f \u0921\u093e\u0908 \u0921\u093e\u0930\u094c\u092b \u092c\u0947\u0938\u093f\u090f\u0930\u0947\u0928\u094d\u0921\u0947\u0928 \u092e\u0940\u0928\u0941\u0902\u0917\u0947\u0928 \u0915\u094b\u0928\u094d\u0928\u0947\u0928 \u091c\u0947\u0921\u094b\u091a\u094d\u091f \u0917\u093e\u0930\u0902\u091f\u093f\u090f\u0930\u094d\u091f \u0935\u0947\u0930\u094d\u0921\u0928\u0964<\/p>\n\n\n\n<p>Glowtravel.online \u0905\u092d\u0940 \u0905\u0928\u094d\u092f \u0935\u0947\u092c\u0938\u093e\u0907\u091f\u094b\u0902 \u0915\u0947 \u0932\u093f\u090f \u0928\u0939\u0940\u0902 \u0939\u0948, \u092c\u0932\u094d\u0915\u093f \u0905\u0928\u094d\u092f \u0935\u0947\u092c\u0938\u093e\u0907\u091f\u094b\u0902 \u0915\u0947 \u0932\u093f\u090f \u092d\u0940 \u0909\u092a\u0932\u092c\u094d\u0927 \u0939\u0948, \u0914\u0930 \u090f\u0915 \u0938\u092a\u094d\u0924\u093e\u0939 \u092f\u093e \u0909\u0938\u0938\u0947 \u0905\u0927\u093f\u0915 \u0938\u092e\u092f \u0924\u0915 \u092d\u0941\u0917\u0924\u093e\u0928 \u0928\u0939\u0940\u0902 \u0915\u093f\u092f\u093e \u091c\u093e\u0928\u093e \u091a\u093e\u0939\u093f\u090f\u0964<\/p>\n\n\n\n<p>Glowtravel.online \u090f\u0915 \u0935\u0930\u094d\u0937 \u0938\u0947 \u0905\u0927\u093f\u0915 \u0938\u092e\u092f \u092a\u0939\u0932\u0947 \u0939\u094b\u091f\u0932 \u0914\u0930 \u0905\u0928\u094d\u092f \u0909\u0924\u094d\u092a\u093e\u0926 \u0916\u0930\u0940\u0926\u0928\u0947 \u0915\u0947 \u0932\u093f\u090f \u0924\u0948\u092f\u093e\u0930 \u0925\u093e\u0964 \u0909\u0924\u094d\u092a\u093e\u0926 \u0914\u0930 \u0921\u0947\u091f\u093e \u0932\u093f\u0902\u0915 \u0915\u0947 \u092c\u093e\u0930\u0947 \u092e\u0947\u0902 \u091c\u093e\u0928\u0915\u093e\u0930\u0940 \u092a\u094d\u0930\u093e\u092a\u094d\u0924 \u0915\u0930\u0928\u0947 \u0915\u0947 \u0932\u093f\u090f \u0906\u092a\u0915\u093e \u0938\u094d\u0935\u093e\u0917\u0924 \u0939\u0948\u0964 \u0939\u0948\u0902\u0921\u0932\u0930 \u0905\u0928\u094d\u092f \u0935\u0947\u092c\u0938\u093e\u0907\u091f \u092a\u0930 \u0909\u0924\u094d\u092a\u093e\u0926 \u0916\u0930\u0940\u0926\u0928\u0947 \u0915\u0947 \u0932\u093f\u090f Glowtravel.online \u0915\u093e \u0909\u092a\u092f\u094b\u0917 \u0915\u0930\u0924\u093e \u0939\u0948\u0964 \u092f\u0939 Glowtravel.online \u092a\u0930 \u0911\u0928\u0932\u093e\u0907\u0928 \u0909\u0924\u094d\u092a\u093e\u0926 \u0916\u0930\u0940\u0926\u0928\u0947 \u0915\u0947 \u0932\u093f\u090f \u0909\u092a\u0932\u092c\u094d\u0927 \u0939\u0948\u0964 Glowtravel.online \u0915\u093e\u092e \u0915\u0930\u0924\u093e \u0939\u0948, \u0935\u0947\u092c\u0938\u093e\u0907\u091f \u0915\u0947 \u092e\u093e\u0927\u094d\u092f\u092e \u0938\u0947 \u090f\u0915 \u0909\u0924\u094d\u092a\u093e\u0926 \u0916\u0930\u0940\u0926\u0947\u0902 \u0914\u0930 \u090f\u0915 \u0926\u093f\u0928 \u092e\u0947\u0902 \u090f\u0915 \u092c\u093e\u0930 \u092b\u093f\u0930 \u0938\u0947 \u0915\u093e\u092e \u0936\u0941\u0930\u0942 \u0915\u0930\u0947\u0902 \u0914\u0930 \u090f\u0915 \u0926\u093f\u0928 \u092e\u0947\u0902 \u090f\u0915 \u092c\u093e\u0930 \u092b\u093f\u0930 \u0938\u0947 \u0915\u093e\u092e \u0936\u0941\u0930\u0942 \u0915\u0930\u0947\u0902\u0964 Glowtravel.online \u0906\u092a\u0915\u094b \u0905\u092a\u0928\u0947 \u0909\u0924\u094d\u092a\u093e\u0926 \u092f\u093e \u0905\u0928\u094d\u092f \u0909\u0924\u094d\u092a\u093e\u0926 \u0916\u0930\u0940\u0926\u0928\u0947 \u0915\u0947 \u0932\u093f\u090f \u0935\u0947\u0930\u0947\u0902\u091f\u0935\u0949\u0930\u094d\u091f \u092d\u0947\u091c\u0924\u093e \u0939\u0948\u0964 \u090f\u0932\u0947 \u092c\u0947\u0921\u0947\u0928\u0915\u0947\u0928, \u092b\u093c\u094d\u0930\u0948\u0917\u0928, \u092c\u0947\u0938\u094d\u091a\u0935\u0930\u094d\u0921\u0947\u0928 \u092f\u093e \u0905\u0928\u094d\u092f \u0909\u0924\u094d\u092a\u093e\u0926 \u0907\u0928 \u092c\u0947\u091c\u093c\u0941\u0917 \u0911\u092b\u093c \u0921\u093e\u0907\u0938 \u092a\u094d\u0930\u0949\u0921\u0915\u094d\u091f \u0905\u0902\u0921\/\u0913\u0921\u0930 \u0921\u093f\u090f\u0928\u0938\u094d\u091f\u0947 \u0938\u094b\u0932\u094d\u091f\u0947\u0928 \u090f\u0928 \u0921\u0947\u0902\u091f \u092a\u094d\u0930\u0947\u091a\u0947\u0928\u094d\u0921\u0947\u0928 \u0939\u0947\u0928\u094d\u0921\u0932\u0930 \u0913\u0921\u0930 \u0935\u0947\u0930\u094d\u0915\u094c\u092b\u093c\u0930 \u0917\u0947\u0930\u093f\u091a\u091f\u0947\u091f \u0935\u0930\u094d\u0921\u0928\u0964<\/p>\n\n\n\n<p><\/p>","protected":false},"excerpt":{"rendered":"<p>Wir bem\u00fchen uns, diese Website so aktuell wie m\u00f6glich zu halten. Angesichts der Unbest\u00e4ndigkeit des weltweiten Reiseverkehrs k\u00f6nnen wir jedoch keine Verantwortung f\u00fcr die hierin enthaltenen Informationen \u00fcbernehmen. Die Informationen stammen aus Quellen, die als zuverl\u00e4ssig gelten. Ihre Richtigkeit und Vollst\u00e4ndigkeit sowie die darauf basierenden Meinungen k\u00f6nnen jedoch nicht garantiert werden. Glowtravel.online ist nicht f\u00fcr&#8230;<\/p>","protected":false},"author":1,"featured_media":0,"parent":0,"menu_order":0,"comment_status":"closed","ping_status":"closed","template":"","meta":{"footnotes":""},"class_list":["post-3390","page","type-page","status-publish","hentry","main-post"],"yoast_head":"<!-- This site is optimized with the Yoast SEO plugin v23.4 - https:\/\/yoast.com\/wordpress\/plugins\/seo\/ -->\n<title>Haftungsausschluss | %tagline<\/title>\n<meta name=\"description\" content=\"Wir bem\u00fchen uns, diese Website so aktuell wie m\u00f6glich zu halten. Angesichts der Unbest\u00e4ndigkeit des weltweiten Reiseverkehrs k\u00f6nnen wir jedoch keine\" \/>\n<meta name=\"robots\" content=\"index, follow, max-snippet:-1, max-image-preview:large, max-video-preview:-1\" \/>\n<link rel=\"canonical\" href=\"https:\/\/glowtravel.online\/hi\/3390-2\/\" \/>\n<meta property=\"og:locale\" content=\"hi_IN\" \/>\n<meta property=\"og:type\" content=\"article\" \/>\n<meta property=\"og:title\" content=\"Haftungsausschluss | %tagline\" \/>\n<meta property=\"og:description\" content=\"Wir bem\u00fchen uns, diese Website so aktuell wie m\u00f6glich zu halten. Angesichts der Unbest\u00e4ndigkeit des weltweiten Reiseverkehrs k\u00f6nnen wir jedoch keine\" \/>\n<meta property=\"og:url\" content=\"https:\/\/glowtravel.online\/hi\/3390-2\/\" \/>\n<meta property=\"og:site_name\" content=\"Glow Travel\" \/>\n<meta property=\"article:publisher\" content=\"https:\/\/www.instagram.com\/glowtravel.online\/\" \/>\n<meta property=\"article:modified_time\" content=\"2024-10-22T12:48:47+00:00\" \/>\n<meta property=\"og:image\" content=\"https:\/\/glowtravel.online\/wp-content\/uploads\/2024\/10\/Schwarz-Weiss-Laut-Animiert-Familienreise-Urlaub-Youtube-Intro-2.jpeg\" \/>\n\t<meta property=\"og:image:width\" content=\"1920\" \/>\n\t<meta property=\"og:image:height\" content=\"1080\" \/>\n\t<meta property=\"og:image:type\" content=\"image\/jpeg\" \/>\n<meta name=\"twitter:card\" content=\"summary_large_image\" \/>\n<meta name=\"twitter:label1\" content=\"\u0905\u0928\u0941\u092e\u093e\u0928\u093f\u0924 \u092a\u0922\u093c\u0928\u0947 \u0915\u093e \u0938\u092e\u092f\" \/>\n\t<meta name=\"twitter:data1\" content=\"1 \u092e\u093f\u0928\u091f\" \/>\n<script type=\"application\/ld+json\" class=\"yoast-schema-graph\">{\"@context\":\"https:\/\/schema.org\",\"@graph\":[{\"@type\":\"WebPage\",\"@id\":\"https:\/\/glowtravel.online\/3390-2\/\",\"url\":\"https:\/\/glowtravel.online\/3390-2\/\",\"name\":\"Haftungsausschluss | %tagline\",\"isPartOf\":{\"@id\":\"https:\/\/glowtravel.online\/#website\"},\"datePublished\":\"2024-10-22T12:45:31+00:00\",\"dateModified\":\"2024-10-22T12:48:47+00:00\",\"description\":\"Wir bem\u00fchen uns, diese Website so aktuell wie m\u00f6glich zu halten. Angesichts der Unbest\u00e4ndigkeit des weltweiten Reiseverkehrs k\u00f6nnen wir jedoch keine\",\"breadcrumb\":{\"@id\":\"https:\/\/glowtravel.online\/3390-2\/#breadcrumb\"},\"inLanguage\":\"hi-IN\",\"potentialAction\":[{\"@type\":\"ReadAction\",\"target\":[\"https:\/\/glowtravel.online\/3390-2\/\"]}]},{\"@type\":\"BreadcrumbList\",\"@id\":\"https:\/\/glowtravel.online\/3390-2\/#breadcrumb\",\"itemListElement\":[{\"@type\":\"ListItem\",\"position\":1,\"name\":\"Startseite\",\"item\":\"https:\/\/glowtravel.online\/\"},{\"@type\":\"ListItem\",\"position\":2,\"name\":\"Haftungsausschluss\"}]},{\"@type\":\"WebSite\",\"@id\":\"https:\/\/glowtravel.online\/#website\",\"url\":\"https:\/\/glowtravel.online\/\",\"name\":\"glowtravel.online\",\"description\":\"Your Travel Buddy\",\"publisher\":{\"@id\":\"https:\/\/glowtravel.online\/#organization\"},\"potentialAction\":[{\"@type\":\"SearchAction\",\"target\":{\"@type\":\"EntryPoint\",\"urlTemplate\":\"https:\/\/glowtravel.online\/?s={search_term_string}\"},\"query-input\":{\"@type\":\"PropertyValueSpecification\",\"valueRequired\":true,\"valueName\":\"search_term_string\"}}],\"inLanguage\":\"hi-IN\"},{\"@type\":\"Organization\",\"@id\":\"https:\/\/glowtravel.online\/#organization\",\"name\":\"Glow Travel\",\"url\":\"https:\/\/glowtravel.online\/\",\"logo\":{\"@type\":\"ImageObject\",\"inLanguage\":\"hi-IN\",\"@id\":\"https:\/\/glowtravel.online\/#\/schema\/logo\/image\/\",\"url\":\"https:\/\/glowtravel.online\/wp-content\/uploads\/2024\/10\/Schwarz-Weiss-Laut-Animiert-Familienreise-Urlaub-Youtube-Intro-2.jpeg\",\"contentUrl\":\"https:\/\/glowtravel.online\/wp-content\/uploads\/2024\/10\/Schwarz-Weiss-Laut-Animiert-Familienreise-Urlaub-Youtube-Intro-2.jpeg\",\"width\":1920,\"height\":1080,\"caption\":\"Glow Travel\"},\"image\":{\"@id\":\"https:\/\/glowtravel.online\/#\/schema\/logo\/image\/\"},\"sameAs\":[\"https:\/\/www.instagram.com\/glowtravel.online\/\",\"https:\/\/www.youtube.com\/@GlowTravel\"]}]}<\/script>\n<!-- \/ Yoast SEO plugin. -->","yoast_head_json":{"title":"Haftungsausschluss | %tagline","description":"Wir bem\u00fchen uns, diese Website so aktuell wie m\u00f6glich zu halten. Angesichts der Unbest\u00e4ndigkeit des weltweiten Reiseverkehrs k\u00f6nnen wir jedoch keine","robots":{"index":"index","follow":"follow","max-snippet":"max-snippet:-1","max-image-preview":"max-image-preview:large","max-video-preview":"max-video-preview:-1"},"canonical":"https:\/\/glowtravel.online\/hi\/3390-2\/","og_locale":"hi_IN","og_type":"article","og_title":"Haftungsausschluss | %tagline","og_description":"Wir bem\u00fchen uns, diese Website so aktuell wie m\u00f6glich zu halten. Angesichts der Unbest\u00e4ndigkeit des weltweiten Reiseverkehrs k\u00f6nnen wir jedoch keine","og_url":"https:\/\/glowtravel.online\/hi\/3390-2\/","og_site_name":"Glow Travel","article_publisher":"https:\/\/www.instagram.com\/glowtravel.online\/","article_modified_time":"2024-10-22T12:48:47+00:00","og_image":[{"width":1920,"height":1080,"url":"https:\/\/glowtravel.online\/wp-content\/uploads\/2024\/10\/Schwarz-Weiss-Laut-Animiert-Familienreise-Urlaub-Youtube-Intro-2.jpeg","type":"image\/jpeg"}],"twitter_card":"summary_large_image","twitter_misc":{"\u0905\u0928\u0941\u092e\u093e\u0928\u093f\u0924 \u092a\u0922\u093c\u0928\u0947 \u0915\u093e \u0938\u092e\u092f":"1 \u092e\u093f\u0928\u091f"},"schema":{"@context":"https:\/\/schema.org","@graph":[{"@type":"WebPage","@id":"https:\/\/glowtravel.online\/3390-2\/","url":"https:\/\/glowtravel.online\/3390-2\/","name":"Haftungsausschluss | %tagline","isPartOf":{"@id":"https:\/\/glowtravel.online\/#website"},"datePublished":"2024-10-22T12:45:31+00:00","dateModified":"2024-10-22T12:48:47+00:00","description":"Wir bem\u00fchen uns, diese Website so aktuell wie m\u00f6glich zu halten. Angesichts der Unbest\u00e4ndigkeit des weltweiten Reiseverkehrs k\u00f6nnen wir jedoch keine","breadcrumb":{"@id":"https:\/\/glowtravel.online\/3390-2\/#breadcrumb"},"inLanguage":"hi-IN","potentialAction":[{"@type":"ReadAction","target":["https:\/\/glowtravel.online\/3390-2\/"]}]},{"@type":"BreadcrumbList","@id":"https:\/\/glowtravel.online\/3390-2\/#breadcrumb","itemListElement":[{"@type":"ListItem","position":1,"name":"Startseite","item":"https:\/\/glowtravel.online\/"},{"@type":"ListItem","position":2,"name":"Haftungsausschluss"}]},{"@type":"WebSite","@id":"https:\/\/glowtravel.online\/#website","url":"https:\/\/glowtravel.online\/","name":"\u0917\u094d\u0932\u094b\u091f\u094d\u0930\u0948\u0935\u0932","description":"\u0906\u092a\u0915\u093e \u092f\u093e\u0924\u094d\u0930\u093e \u0938\u093e\u0925\u0940","publisher":{"@id":"https:\/\/glowtravel.online\/#organization"},"potentialAction":[{"@type":"SearchAction","target":{"@type":"EntryPoint","urlTemplate":"https:\/\/glowtravel.online\/?s={search_term_string}"},"query-input":{"@type":"PropertyValueSpecification","valueRequired":true,"valueName":"search_term_string"}}],"inLanguage":"hi-IN"},{"@type":"Organization","@id":"https:\/\/glowtravel.online\/#organization","name":"\u0917\u094d\u0932\u094b \u091f\u094d\u0930\u0948\u0935\u0932","url":"https:\/\/glowtravel.online\/","logo":{"@type":"ImageObject","inLanguage":"hi-IN","@id":"https:\/\/glowtravel.online\/#\/schema\/logo\/image\/","url":"https:\/\/glowtravel.online\/wp-content\/uploads\/2024\/10\/Schwarz-Weiss-Laut-Animiert-Familienreise-Urlaub-Youtube-Intro-2.jpeg","contentUrl":"https:\/\/glowtravel.online\/wp-content\/uploads\/2024\/10\/Schwarz-Weiss-Laut-Animiert-Familienreise-Urlaub-Youtube-Intro-2.jpeg","width":1920,"height":1080,"caption":"Glow Travel"},"image":{"@id":"https:\/\/glowtravel.online\/#\/schema\/logo\/image\/"},"sameAs":["https:\/\/www.instagram.com\/glowtravel.online\/","https:\/\/www.youtube.com\/@GlowTravel"]}]}},"_links":{"self":[{"href":"https:\/\/glowtravel.online\/hi\/wp-json\/wp\/v2\/pages\/3390"}],"collection":[{"href":"https:\/\/glowtravel.online\/hi\/wp-json\/wp\/v2\/pages"}],"about":[{"href":"https:\/\/glowtravel.online\/hi\/wp-json\/wp\/v2\/types\/page"}],"author":[{"embeddable":true,"href":"https:\/\/glowtravel.online\/hi\/wp-json\/wp\/v2\/users\/1"}],"replies":[{"embeddable":true,"href":"https:\/\/glowtravel.online\/hi\/wp-json\/wp\/v2\/comments?post=3390"}],"version-history":[{"count":5,"href":"https:\/\/glowtravel.online\/hi\/wp-json\/wp\/v2\/pages\/3390\/revisions"}],"predecessor-version":[{"id":3397,"href":"https:\/\/glowtravel.online\/hi\/wp-json\/wp\/v2\/pages\/3390\/revisions\/3397"}],"wp:attachment":[{"href":"https:\/\/glowtravel.online\/hi\/wp-json\/wp\/v2\/media?parent=3390"}],"curies":[{"name":"wp","href":"https:\/\/api.w.org\/{rel}","templated":true}]}}