{"id":3390,"date":"2024-10-22T14:45:31","date_gmt":"2024-10-22T12:45:31","guid":{"rendered":"https:\/\/glowtravel.online\/?page_id=3390"},"modified":"2024-10-22T14:48:47","modified_gmt":"2024-10-22T12:48:47","slug":"3390-2","status":"publish","type":"page","link":"https:\/\/glowtravel.online\/it\/3390-2\/","title":{"rendered":"Esclusione di responsabilit\u00e0"},"content":{"rendered":"<p><\/p>\n\n\n\n<p>Ci auguriamo che questo sito web sia cos\u00ec aggiornato da poter essere mantenuto. A causa della mancanza di trasparenza dei Reiseverkehrs di tutto il mondo, non possiamo per\u00f2 fare alcun ricorso alle informazioni fornite. Le informazioni provengono da fonti che sono state considerate affidabili. La loro Richtigkeit e Vollst\u00e4ndigkeit e le loro Meinungen basate su di esse non possono essere garantite.<\/p>\n\n\n\n<p>Glowtravel.online non \u00e8 utilizzabile per altri siti web, che sono collegati a questo sito, e non abbiamo diritto a spese o costi aggiuntivi per questo sito.<\/p>\n\n\n\n<p>Glowtravel.online offre diverse possibilit\u00e0 di scelta, che consentono di confrontare i prezzi degli hotel e di altri prodotti. Forniamo informazioni su prodotti e fornitori di servizi e link a fornitori di servizi di trasporto. H\u00e4ndler o altri fornitori di prodotti pagano a Glowtravel.online per l'elenco dei prodotti sul sito web. I prodotti acquistati su Glowtravel.online vengono acquistati dai fornitori. Glowtravel.online acquista, vende o liquida solo alcuni dei prodotti o delle offerte presenti sul sito web e non opera nemmeno come Verkaufsvertreter per tali prodotti o offerte. Glowtravel.online non ha alcuna garanzia o garanzia per i prodotti e\/o i servizi offerti. Tutti i quesiti, le domande, i dubbi o le richieste in merito ai prodotti e\/o alle offerte devono essere rivolti al fornitore o al venditore.<\/p>\n\n\n\n<p><\/p>","protected":false},"excerpt":{"rendered":"<p>Wir bem\u00fchen uns, diese Website so aktuell wie m\u00f6glich zu halten. Angesichts der Unbest\u00e4ndigkeit des weltweiten Reiseverkehrs k\u00f6nnen wir jedoch keine Verantwortung f\u00fcr die hierin enthaltenen Informationen \u00fcbernehmen. Die Informationen stammen aus Quellen, die als zuverl\u00e4ssig gelten. Ihre Richtigkeit und Vollst\u00e4ndigkeit sowie die darauf basierenden Meinungen k\u00f6nnen jedoch nicht garantiert werden. Glowtravel.online ist nicht f\u00fcr&#8230;<\/p>","protected":false},"author":1,"featured_media":0,"parent":0,"menu_order":0,"comment_status":"closed","ping_status":"closed","template":"","meta":{"footnotes":""},"class_list":["post-3390","page","type-page","status-publish","hentry","main-post"],"yoast_head":"<!-- This site is optimized with the Yoast SEO plugin v23.4 - https:\/\/yoast.com\/wordpress\/plugins\/seo\/ -->\n<title>Haftungsausschluss | %tagline<\/title>\n<meta name=\"description\" content=\"Wir bem\u00fchen uns, diese Website so aktuell wie m\u00f6glich zu halten. Angesichts der Unbest\u00e4ndigkeit des weltweiten Reiseverkehrs k\u00f6nnen wir jedoch keine\" \/>\n<meta name=\"robots\" content=\"index, follow, max-snippet:-1, max-image-preview:large, max-video-preview:-1\" \/>\n<link rel=\"canonical\" href=\"https:\/\/glowtravel.online\/it\/3390-2\/\" \/>\n<meta property=\"og:locale\" content=\"it_IT\" \/>\n<meta property=\"og:type\" content=\"article\" \/>\n<meta property=\"og:title\" content=\"Haftungsausschluss | %tagline\" \/>\n<meta property=\"og:description\" content=\"Wir bem\u00fchen uns, diese Website so aktuell wie m\u00f6glich zu halten. Angesichts der Unbest\u00e4ndigkeit des weltweiten Reiseverkehrs k\u00f6nnen wir jedoch keine\" \/>\n<meta property=\"og:url\" content=\"https:\/\/glowtravel.online\/it\/3390-2\/\" \/>\n<meta property=\"og:site_name\" content=\"Glow Travel\" \/>\n<meta property=\"article:publisher\" content=\"https:\/\/www.instagram.com\/glowtravel.online\/\" \/>\n<meta property=\"article:modified_time\" content=\"2024-10-22T12:48:47+00:00\" \/>\n<meta property=\"og:image\" content=\"https:\/\/glowtravel.online\/wp-content\/uploads\/2024\/10\/Schwarz-Weiss-Laut-Animiert-Familienreise-Urlaub-Youtube-Intro-2.jpeg\" \/>\n\t<meta property=\"og:image:width\" content=\"1920\" \/>\n\t<meta property=\"og:image:height\" content=\"1080\" \/>\n\t<meta property=\"og:image:type\" content=\"image\/jpeg\" \/>\n<meta name=\"twitter:card\" content=\"summary_large_image\" \/>\n<meta name=\"twitter:label1\" content=\"Tempo di lettura stimato\" \/>\n\t<meta name=\"twitter:data1\" content=\"1 minuto\" \/>\n<script type=\"application\/ld+json\" class=\"yoast-schema-graph\">{\"@context\":\"https:\/\/schema.org\",\"@graph\":[{\"@type\":\"WebPage\",\"@id\":\"https:\/\/glowtravel.online\/3390-2\/\",\"url\":\"https:\/\/glowtravel.online\/3390-2\/\",\"name\":\"Haftungsausschluss | %tagline\",\"isPartOf\":{\"@id\":\"https:\/\/glowtravel.online\/#website\"},\"datePublished\":\"2024-10-22T12:45:31+00:00\",\"dateModified\":\"2024-10-22T12:48:47+00:00\",\"description\":\"Wir bem\u00fchen uns, diese Website so aktuell wie m\u00f6glich zu halten. Angesichts der Unbest\u00e4ndigkeit des weltweiten Reiseverkehrs k\u00f6nnen wir jedoch keine\",\"breadcrumb\":{\"@id\":\"https:\/\/glowtravel.online\/3390-2\/#breadcrumb\"},\"inLanguage\":\"it-IT\",\"potentialAction\":[{\"@type\":\"ReadAction\",\"target\":[\"https:\/\/glowtravel.online\/3390-2\/\"]}]},{\"@type\":\"BreadcrumbList\",\"@id\":\"https:\/\/glowtravel.online\/3390-2\/#breadcrumb\",\"itemListElement\":[{\"@type\":\"ListItem\",\"position\":1,\"name\":\"Startseite\",\"item\":\"https:\/\/glowtravel.online\/\"},{\"@type\":\"ListItem\",\"position\":2,\"name\":\"Haftungsausschluss\"}]},{\"@type\":\"WebSite\",\"@id\":\"https:\/\/glowtravel.online\/#website\",\"url\":\"https:\/\/glowtravel.online\/\",\"name\":\"glowtravel.online\",\"description\":\"Your Travel Buddy\",\"publisher\":{\"@id\":\"https:\/\/glowtravel.online\/#organization\"},\"potentialAction\":[{\"@type\":\"SearchAction\",\"target\":{\"@type\":\"EntryPoint\",\"urlTemplate\":\"https:\/\/glowtravel.online\/?s={search_term_string}\"},\"query-input\":{\"@type\":\"PropertyValueSpecification\",\"valueRequired\":true,\"valueName\":\"search_term_string\"}}],\"inLanguage\":\"it-IT\"},{\"@type\":\"Organization\",\"@id\":\"https:\/\/glowtravel.online\/#organization\",\"name\":\"Glow Travel\",\"url\":\"https:\/\/glowtravel.online\/\",\"logo\":{\"@type\":\"ImageObject\",\"inLanguage\":\"it-IT\",\"@id\":\"https:\/\/glowtravel.online\/#\/schema\/logo\/image\/\",\"url\":\"https:\/\/glowtravel.online\/wp-content\/uploads\/2024\/10\/Schwarz-Weiss-Laut-Animiert-Familienreise-Urlaub-Youtube-Intro-2.jpeg\",\"contentUrl\":\"https:\/\/glowtravel.online\/wp-content\/uploads\/2024\/10\/Schwarz-Weiss-Laut-Animiert-Familienreise-Urlaub-Youtube-Intro-2.jpeg\",\"width\":1920,\"height\":1080,\"caption\":\"Glow Travel\"},\"image\":{\"@id\":\"https:\/\/glowtravel.online\/#\/schema\/logo\/image\/\"},\"sameAs\":[\"https:\/\/www.instagram.com\/glowtravel.online\/\",\"https:\/\/www.youtube.com\/@GlowTravel\"]}]}<\/script>\n<!-- \/ Yoast SEO plugin. -->","yoast_head_json":{"title":"Haftungsausschluss | %tagline","description":"Wir bem\u00fchen uns, diese Website so aktuell wie m\u00f6glich zu halten. Angesichts der Unbest\u00e4ndigkeit des weltweiten Reiseverkehrs k\u00f6nnen wir jedoch keine","robots":{"index":"index","follow":"follow","max-snippet":"max-snippet:-1","max-image-preview":"max-image-preview:large","max-video-preview":"max-video-preview:-1"},"canonical":"https:\/\/glowtravel.online\/it\/3390-2\/","og_locale":"it_IT","og_type":"article","og_title":"Haftungsausschluss | %tagline","og_description":"Wir bem\u00fchen uns, diese Website so aktuell wie m\u00f6glich zu halten. Angesichts der Unbest\u00e4ndigkeit des weltweiten Reiseverkehrs k\u00f6nnen wir jedoch keine","og_url":"https:\/\/glowtravel.online\/it\/3390-2\/","og_site_name":"Glow Travel","article_publisher":"https:\/\/www.instagram.com\/glowtravel.online\/","article_modified_time":"2024-10-22T12:48:47+00:00","og_image":[{"width":1920,"height":1080,"url":"https:\/\/glowtravel.online\/wp-content\/uploads\/2024\/10\/Schwarz-Weiss-Laut-Animiert-Familienreise-Urlaub-Youtube-Intro-2.jpeg","type":"image\/jpeg"}],"twitter_card":"summary_large_image","twitter_misc":{"Tempo di lettura stimato":"1 minuto"},"schema":{"@context":"https:\/\/schema.org","@graph":[{"@type":"WebPage","@id":"https:\/\/glowtravel.online\/3390-2\/","url":"https:\/\/glowtravel.online\/3390-2\/","name":"Haftungsausschluss | %tagline","isPartOf":{"@id":"https:\/\/glowtravel.online\/#website"},"datePublished":"2024-10-22T12:45:31+00:00","dateModified":"2024-10-22T12:48:47+00:00","description":"Wir bem\u00fchen uns, diese Website so aktuell wie m\u00f6glich zu halten. Angesichts der Unbest\u00e4ndigkeit des weltweiten Reiseverkehrs k\u00f6nnen wir jedoch keine","breadcrumb":{"@id":"https:\/\/glowtravel.online\/3390-2\/#breadcrumb"},"inLanguage":"it-IT","potentialAction":[{"@type":"ReadAction","target":["https:\/\/glowtravel.online\/3390-2\/"]}]},{"@type":"BreadcrumbList","@id":"https:\/\/glowtravel.online\/3390-2\/#breadcrumb","itemListElement":[{"@type":"ListItem","position":1,"name":"Startseite","item":"https:\/\/glowtravel.online\/"},{"@type":"ListItem","position":2,"name":"Haftungsausschluss"}]},{"@type":"WebSite","@id":"https:\/\/glowtravel.online\/#website","url":"https:\/\/glowtravel.online\/","name":"glowtravel.online","description":"Il vostro compagno di viaggio","publisher":{"@id":"https:\/\/glowtravel.online\/#organization"},"potentialAction":[{"@type":"SearchAction","target":{"@type":"EntryPoint","urlTemplate":"https:\/\/glowtravel.online\/?s={search_term_string}"},"query-input":{"@type":"PropertyValueSpecification","valueRequired":true,"valueName":"search_term_string"}}],"inLanguage":"it-IT"},{"@type":"Organization","@id":"https:\/\/glowtravel.online\/#organization","name":"Viaggio a bagliore","url":"https:\/\/glowtravel.online\/","logo":{"@type":"ImageObject","inLanguage":"it-IT","@id":"https:\/\/glowtravel.online\/#\/schema\/logo\/image\/","url":"https:\/\/glowtravel.online\/wp-content\/uploads\/2024\/10\/Schwarz-Weiss-Laut-Animiert-Familienreise-Urlaub-Youtube-Intro-2.jpeg","contentUrl":"https:\/\/glowtravel.online\/wp-content\/uploads\/2024\/10\/Schwarz-Weiss-Laut-Animiert-Familienreise-Urlaub-Youtube-Intro-2.jpeg","width":1920,"height":1080,"caption":"Glow Travel"},"image":{"@id":"https:\/\/glowtravel.online\/#\/schema\/logo\/image\/"},"sameAs":["https:\/\/www.instagram.com\/glowtravel.online\/","https:\/\/www.youtube.com\/@GlowTravel"]}]}},"_links":{"self":[{"href":"https:\/\/glowtravel.online\/it\/wp-json\/wp\/v2\/pages\/3390"}],"collection":[{"href":"https:\/\/glowtravel.online\/it\/wp-json\/wp\/v2\/pages"}],"about":[{"href":"https:\/\/glowtravel.online\/it\/wp-json\/wp\/v2\/types\/page"}],"author":[{"embeddable":true,"href":"https:\/\/glowtravel.online\/it\/wp-json\/wp\/v2\/users\/1"}],"replies":[{"embeddable":true,"href":"https:\/\/glowtravel.online\/it\/wp-json\/wp\/v2\/comments?post=3390"}],"version-history":[{"count":5,"href":"https:\/\/glowtravel.online\/it\/wp-json\/wp\/v2\/pages\/3390\/revisions"}],"predecessor-version":[{"id":3397,"href":"https:\/\/glowtravel.online\/it\/wp-json\/wp\/v2\/pages\/3390\/revisions\/3397"}],"wp:attachment":[{"href":"https:\/\/glowtravel.online\/it\/wp-json\/wp\/v2\/media?parent=3390"}],"curies":[{"name":"wp","href":"https:\/\/api.w.org\/{rel}","templated":true}]}}