{"id":3398,"date":"2024-10-22T14:52:43","date_gmt":"2024-10-22T12:52:43","guid":{"rendered":"https:\/\/glowtravel.online\/?page_id=3398"},"modified":"2024-10-22T14:52:44","modified_gmt":"2024-10-22T12:52:44","slug":"\u30b3\u30f3\u30bf\u30af\u30c8","status":"publish","type":"page","link":"https:\/\/glowtravel.online\/ja\/\u30b3\u30f3\u30bf\u30af\u30c8\/","title":{"rendered":"\u304a\u554f\u3044\u5408\u308f\u305b"},"content":{"rendered":"<p>Wenn Sie Anmerkungen oder Fragen zu unserer Website haben, z\u00f6gern Sie nicht, uns per E-Mail zu kontaktieren:<\/p>\n\n\n\n<p>E:Mail: maxi.bielke99@gmail.com<\/p>\n\n\n\n<p>Hinweis: Wir akzeptieren keine Gastbeitr\u00e4ge oder gesponserten Beitr\u00e4ge.<\/p>\n\n\n\n<p><\/p>\n\n\n\n<p>Viel Spa\u00df beim Entdecken,<br>das GlowTravel-Team<\/p>","protected":false},"excerpt":{"rendered":"<p>Wenn Sie Anmerkungen oder Fragen zu unserer Website haben, z\u00f6gern Sie nicht, uns per E-Mail zu kontaktieren: E:Mail: maxi.bielke99@gmail.com Hinweis: Wir akzeptieren keine Gastbeitr\u00e4ge oder gesponserten Beitr\u00e4ge. Viel Spa\u00df beim Entdecken,das GlowTravel-Team<\/p>","protected":false},"author":1,"featured_media":0,"parent":0,"menu_order":0,"comment_status":"closed","ping_status":"closed","template":"","meta":{"footnotes":""},"class_list":["post-3398","page","type-page","status-publish","hentry","main-post"],"yoast_head":"<!-- This site is optimized with the Yoast SEO plugin v23.4 - https:\/\/yoast.com\/wordpress\/plugins\/seo\/ -->\n<title>Kontakt | %tagline<\/title>\n<meta name=\"description\" content=\"Wenn Sie Anmerkungen oder Fragen zu unserer Website haben, z\u00f6gern Sie nicht,\" \/>\n<meta name=\"robots\" content=\"index, follow, max-snippet:-1, max-image-preview:large, max-video-preview:-1\" \/>\n<link rel=\"canonical\" href=\"https:\/\/glowtravel.online\/ja\/\u30b3\u30f3\u30bf\u30af\u30c8\/\" \/>\n<meta property=\"og:locale\" content=\"ja_JP\" \/>\n<meta property=\"og:type\" content=\"article\" \/>\n<meta property=\"og:title\" content=\"Kontakt | %tagline\" \/>\n<meta property=\"og:description\" content=\"Wenn Sie Anmerkungen oder Fragen zu unserer Website haben, z\u00f6gern Sie nicht,\" \/>\n<meta property=\"og:url\" content=\"https:\/\/glowtravel.online\/ja\/\u30b3\u30f3\u30bf\u30af\u30c8\/\" \/>\n<meta property=\"og:site_name\" content=\"Glow Travel\" \/>\n<meta property=\"article:publisher\" content=\"https:\/\/www.instagram.com\/glowtravel.online\/\" \/>\n<meta property=\"article:modified_time\" content=\"2024-10-22T12:52:44+00:00\" \/>\n<meta property=\"og:image\" content=\"https:\/\/glowtravel.online\/wp-content\/uploads\/2024\/10\/Schwarz-Weiss-Laut-Animiert-Familienreise-Urlaub-Youtube-Intro-2.jpeg\" \/>\n\t<meta property=\"og:image:width\" content=\"1920\" \/>\n\t<meta property=\"og:image:height\" content=\"1080\" \/>\n\t<meta property=\"og:image:type\" content=\"image\/jpeg\" \/>\n<meta name=\"twitter:card\" content=\"summary_large_image\" \/>\n<script type=\"application\/ld+json\" class=\"yoast-schema-graph\">{\"@context\":\"https:\/\/schema.org\",\"@graph\":[{\"@type\":\"WebPage\",\"@id\":\"https:\/\/glowtravel.online\/kontakt\/\",\"url\":\"https:\/\/glowtravel.online\/kontakt\/\",\"name\":\"Kontakt | %tagline\",\"isPartOf\":{\"@id\":\"https:\/\/glowtravel.online\/#website\"},\"datePublished\":\"2024-10-22T12:52:43+00:00\",\"dateModified\":\"2024-10-22T12:52:44+00:00\",\"description\":\"Wenn Sie Anmerkungen oder Fragen zu unserer Website haben, z\u00f6gern Sie nicht,\",\"breadcrumb\":{\"@id\":\"https:\/\/glowtravel.online\/kontakt\/#breadcrumb\"},\"inLanguage\":\"ja\",\"potentialAction\":[{\"@type\":\"ReadAction\",\"target\":[\"https:\/\/glowtravel.online\/kontakt\/\"]}]},{\"@type\":\"BreadcrumbList\",\"@id\":\"https:\/\/glowtravel.online\/kontakt\/#breadcrumb\",\"itemListElement\":[{\"@type\":\"ListItem\",\"position\":1,\"name\":\"Startseite\",\"item\":\"https:\/\/glowtravel.online\/\"},{\"@type\":\"ListItem\",\"position\":2,\"name\":\"Kontakt\"}]},{\"@type\":\"WebSite\",\"@id\":\"https:\/\/glowtravel.online\/#website\",\"url\":\"https:\/\/glowtravel.online\/\",\"name\":\"glowtravel.online\",\"description\":\"Your Travel Buddy\",\"publisher\":{\"@id\":\"https:\/\/glowtravel.online\/#organization\"},\"potentialAction\":[{\"@type\":\"SearchAction\",\"target\":{\"@type\":\"EntryPoint\",\"urlTemplate\":\"https:\/\/glowtravel.online\/?s={search_term_string}\"},\"query-input\":{\"@type\":\"PropertyValueSpecification\",\"valueRequired\":true,\"valueName\":\"search_term_string\"}}],\"inLanguage\":\"ja\"},{\"@type\":\"Organization\",\"@id\":\"https:\/\/glowtravel.online\/#organization\",\"name\":\"Glow Travel\",\"url\":\"https:\/\/glowtravel.online\/\",\"logo\":{\"@type\":\"ImageObject\",\"inLanguage\":\"ja\",\"@id\":\"https:\/\/glowtravel.online\/#\/schema\/logo\/image\/\",\"url\":\"https:\/\/glowtravel.online\/wp-content\/uploads\/2024\/10\/Schwarz-Weiss-Laut-Animiert-Familienreise-Urlaub-Youtube-Intro-2.jpeg\",\"contentUrl\":\"https:\/\/glowtravel.online\/wp-content\/uploads\/2024\/10\/Schwarz-Weiss-Laut-Animiert-Familienreise-Urlaub-Youtube-Intro-2.jpeg\",\"width\":1920,\"height\":1080,\"caption\":\"Glow Travel\"},\"image\":{\"@id\":\"https:\/\/glowtravel.online\/#\/schema\/logo\/image\/\"},\"sameAs\":[\"https:\/\/www.instagram.com\/glowtravel.online\/\",\"https:\/\/www.youtube.com\/@GlowTravel\"]}]}<\/script>\n<!-- \/ Yoast SEO plugin. -->","yoast_head_json":{"title":"Kontakt | %tagline","description":"Wenn Sie Anmerkungen oder Fragen zu unserer Website haben, z\u00f6gern Sie nicht,","robots":{"index":"index","follow":"follow","max-snippet":"max-snippet:-1","max-image-preview":"max-image-preview:large","max-video-preview":"max-video-preview:-1"},"canonical":"https:\/\/glowtravel.online\/ja\/\u30b3\u30f3\u30bf\u30af\u30c8\/","og_locale":"ja_JP","og_type":"article","og_title":"Kontakt | %tagline","og_description":"Wenn Sie Anmerkungen oder Fragen zu unserer Website haben, z\u00f6gern Sie nicht,","og_url":"https:\/\/glowtravel.online\/ja\/\u30b3\u30f3\u30bf\u30af\u30c8\/","og_site_name":"Glow Travel","article_publisher":"https:\/\/www.instagram.com\/glowtravel.online\/","article_modified_time":"2024-10-22T12:52:44+00:00","og_image":[{"width":1920,"height":1080,"url":"https:\/\/glowtravel.online\/wp-content\/uploads\/2024\/10\/Schwarz-Weiss-Laut-Animiert-Familienreise-Urlaub-Youtube-Intro-2.jpeg","type":"image\/jpeg"}],"twitter_card":"summary_large_image","schema":{"@context":"https:\/\/schema.org","@graph":[{"@type":"WebPage","@id":"https:\/\/glowtravel.online\/kontakt\/","url":"https:\/\/glowtravel.online\/kontakt\/","name":"Kontakt | %tagline","isPartOf":{"@id":"https:\/\/glowtravel.online\/#website"},"datePublished":"2024-10-22T12:52:43+00:00","dateModified":"2024-10-22T12:52:44+00:00","description":"Wenn Sie Anmerkungen oder Fragen zu unserer Website haben, z\u00f6gern Sie nicht,","breadcrumb":{"@id":"https:\/\/glowtravel.online\/kontakt\/#breadcrumb"},"inLanguage":"ja","potentialAction":[{"@type":"ReadAction","target":["https:\/\/glowtravel.online\/kontakt\/"]}]},{"@type":"BreadcrumbList","@id":"https:\/\/glowtravel.online\/kontakt\/#breadcrumb","itemListElement":[{"@type":"ListItem","position":1,"name":"Startseite","item":"https:\/\/glowtravel.online\/"},{"@type":"ListItem","position":2,"name":"Kontakt"}]},{"@type":"WebSite","@id":"https:\/\/glowtravel.online\/#website","url":"https:\/\/glowtravel.online\/","name":"\u30b0\u30ed\u30fc\u30c8\u30e9\u30d9\u30eb\u30aa\u30f3\u30e9\u30a4\u30f3","description":"\u65c5\u306e\u53cb","publisher":{"@id":"https:\/\/glowtravel.online\/#organization"},"potentialAction":[{"@type":"SearchAction","target":{"@type":"EntryPoint","urlTemplate":"https:\/\/glowtravel.online\/?s={search_term_string}"},"query-input":{"@type":"PropertyValueSpecification","valueRequired":true,"valueName":"search_term_string"}}],"inLanguage":"ja"},{"@type":"Organization","@id":"https:\/\/glowtravel.online\/#organization","name":"\u30b0\u30ed\u30fc\u30fb\u30c8\u30e9\u30d9\u30eb","url":"https:\/\/glowtravel.online\/","logo":{"@type":"ImageObject","inLanguage":"ja","@id":"https:\/\/glowtravel.online\/#\/schema\/logo\/image\/","url":"https:\/\/glowtravel.online\/wp-content\/uploads\/2024\/10\/Schwarz-Weiss-Laut-Animiert-Familienreise-Urlaub-Youtube-Intro-2.jpeg","contentUrl":"https:\/\/glowtravel.online\/wp-content\/uploads\/2024\/10\/Schwarz-Weiss-Laut-Animiert-Familienreise-Urlaub-Youtube-Intro-2.jpeg","width":1920,"height":1080,"caption":"Glow Travel"},"image":{"@id":"https:\/\/glowtravel.online\/#\/schema\/logo\/image\/"},"sameAs":["https:\/\/www.instagram.com\/glowtravel.online\/","https:\/\/www.youtube.com\/@GlowTravel"]}]}},"_links":{"self":[{"href":"https:\/\/glowtravel.online\/ja\/wp-json\/wp\/v2\/pages\/3398"}],"collection":[{"href":"https:\/\/glowtravel.online\/ja\/wp-json\/wp\/v2\/pages"}],"about":[{"href":"https:\/\/glowtravel.online\/ja\/wp-json\/wp\/v2\/types\/page"}],"author":[{"embeddable":true,"href":"https:\/\/glowtravel.online\/ja\/wp-json\/wp\/v2\/users\/1"}],"replies":[{"embeddable":true,"href":"https:\/\/glowtravel.online\/ja\/wp-json\/wp\/v2\/comments?post=3398"}],"version-history":[{"count":1,"href":"https:\/\/glowtravel.online\/ja\/wp-json\/wp\/v2\/pages\/3398\/revisions"}],"predecessor-version":[{"id":3399,"href":"https:\/\/glowtravel.online\/ja\/wp-json\/wp\/v2\/pages\/3398\/revisions\/3399"}],"wp:attachment":[{"href":"https:\/\/glowtravel.online\/ja\/wp-json\/wp\/v2\/media?parent=3398"}],"curies":[{"name":"wp","href":"https:\/\/api.w.org\/{rel}","templated":true}]}}